{"id":480,"date":"2022-09-03T10:24:57","date_gmt":"2022-09-03T13:24:57","guid":{"rendered":"http:\/\/institutoabreuelima.com.br\/?page_id=480"},"modified":"2022-09-03T10:28:29","modified_gmt":"2022-09-03T13:28:29","slug":"presidente","status":"publish","type":"page","link":"http:\/\/institutoabreuelima.com.br\/index.php\/presidente\/","title":{"rendered":"PRESIDENTE"},"content":{"rendered":"\t\t<div data-elementor-type=\"wp-page\" data-elementor-id=\"480\" class=\"elementor elementor-480\" data-elementor-settings=\"[]\">\n\t\t\t\t\t\t\t<div class=\"elementor-section-wrap\">\n\t\t\t\t\t\t\t<section class=\"elementor-section elementor-top-section elementor-element elementor-element-2fb26b05 elementor-section-boxed elementor-section-height-default elementor-section-height-default\" data-id=\"2fb26b05\" data-element_type=\"section\">\n\t\t\t\t\t\t<div class=\"elementor-container elementor-column-gap-default\">\n\t\t\t\t\t<div class=\"elementor-column elementor-col-50 elementor-top-column elementor-element elementor-element-796545d8\" data-id=\"796545d8\" data-element_type=\"column\">\n\t\t\t<div class=\"elementor-widget-wrap elementor-element-populated\">\n\t\t\t\t\t\t\t\t<div class=\"elementor-element elementor-element-5ba0372d elementor-widget elementor-widget-image\" data-id=\"5ba0372d\" data-element_type=\"widget\" data-widget_type=\"image.default\">\n\t\t\t\t<div class=\"elementor-widget-container\">\n\t\t\t\t\t\t\t\t\t\t\t\t\t\t\t\t<a href=\"http:\/\/institutoabreuelima.com.br\/\">\n\t\t\t\t\t\t\t<img loading=\"lazy\" decoding=\"async\" width=\"441\" height=\"184\" src=\"http:\/\/institutoabreuelima.com.br\/wp-content\/uploads\/2022\/08\/logo.png\" class=\"attachment-large size-large\" alt=\"\" srcset=\"http:\/\/institutoabreuelima.com.br\/wp-content\/uploads\/2022\/08\/logo.png 441w, http:\/\/institutoabreuelima.com.br\/wp-content\/uploads\/2022\/08\/logo-300x125.png 300w\" sizes=\"auto, (max-width: 441px) 100vw, 441px\" \/>\t\t\t\t\t\t\t\t<\/a>\n\t\t\t\t\t\t\t\t\t\t\t\t\t\t\t<\/div>\n\t\t\t\t<\/div>\n\t\t\t\t\t<\/div>\n\t\t<\/div>\n\t\t\t\t<div class=\"elementor-column elementor-col-50 elementor-top-column elementor-element elementor-element-32a993d2\" data-id=\"32a993d2\" data-element_type=\"column\">\n\t\t\t<div class=\"elementor-widget-wrap elementor-element-populated\">\n\t\t\t\t\t\t\t\t<div class=\"elementor-element elementor-element-1ed980a1 elementor-nav-menu__align-center elementor-nav-menu--indicator-classic elementor-nav-menu--dropdown-tablet elementor-nav-menu__text-align-aside elementor-nav-menu--toggle elementor-nav-menu--burger elementor-widget elementor-widget-nav-menu\" data-id=\"1ed980a1\" data-element_type=\"widget\" data-settings=\"{&quot;layout&quot;:&quot;horizontal&quot;,&quot;toggle&quot;:&quot;burger&quot;}\" data-widget_type=\"nav-menu.default\">\n\t\t\t\t<div class=\"elementor-widget-container\">\n\t\t\t\t\t\t<nav role=\"navigation\" class=\"elementor-nav-menu--main elementor-nav-menu__container elementor-nav-menu--layout-horizontal e--pointer-underline e--animation-fade\"><ul id=\"menu-1-1ed980a1\" class=\"elementor-nav-menu\"><li class=\"menu-item menu-item-type-post_type menu-item-object-page menu-item-home menu-item-34\"><a href=\"http:\/\/institutoabreuelima.com.br\/\" class=\"elementor-item\">HOME<\/a><\/li>\n<li class=\"menu-item menu-item-type-post_type menu-item-object-page menu-item-35\"><a href=\"http:\/\/institutoabreuelima.com.br\/index.php\/acervo\/\" class=\"elementor-item\">ACERVO<\/a><\/li>\n<li class=\"menu-item menu-item-type-post_type menu-item-object-page menu-item-32\"><a href=\"http:\/\/institutoabreuelima.com.br\/index.php\/conselho\/\" class=\"elementor-item\">CONSELHO<\/a><\/li>\n<li class=\"menu-item menu-item-type-post_type menu-item-object-page menu-item-28\"><a href=\"http:\/\/institutoabreuelima.com.br\/index.php\/memorial\/\" class=\"elementor-item\">MEMORIAL<\/a><\/li>\n<li class=\"menu-item menu-item-type-post_type menu-item-object-page menu-item-29\"><a href=\"http:\/\/institutoabreuelima.com.br\/index.php\/historico\/\" class=\"elementor-item\">HIST\u00d3RICO<\/a><\/li>\n<li class=\"menu-item menu-item-type-post_type menu-item-object-page menu-item-30\"><a href=\"http:\/\/institutoabreuelima.com.br\/index.php\/ctau\/\" class=\"elementor-item\">CTAU<\/a><\/li>\n<li class=\"menu-item menu-item-type-post_type menu-item-object-page menu-item-31\"><a href=\"http:\/\/institutoabreuelima.com.br\/index.php\/contato\/\" class=\"elementor-item\">CONTATO<\/a><\/li>\n<li class=\"menu-item menu-item-type-post_type menu-item-object-page menu-item-27\"><a href=\"http:\/\/institutoabreuelima.com.br\/index.php\/revista\/\" class=\"elementor-item\">REVISTA<\/a><\/li>\n<\/ul><\/nav>\n\t\t\t\t\t<div class=\"elementor-menu-toggle\" role=\"button\" tabindex=\"0\" aria-label=\"Menu Toggle\" aria-expanded=\"false\">\n\t\t\t<i class=\"eicon-menu-bar\" aria-hidden=\"true\"><\/i>\n\t\t\t<span class=\"elementor-screen-only\">Menu<\/span>\n\t\t<\/div>\n\t\t\t<nav class=\"elementor-nav-menu--dropdown elementor-nav-menu__container\" role=\"navigation\" aria-hidden=\"true\"><ul id=\"menu-2-1ed980a1\" class=\"elementor-nav-menu\"><li class=\"menu-item menu-item-type-post_type menu-item-object-page menu-item-home menu-item-34\"><a href=\"http:\/\/institutoabreuelima.com.br\/\" class=\"elementor-item\">HOME<\/a><\/li>\n<li class=\"menu-item menu-item-type-post_type menu-item-object-page menu-item-35\"><a href=\"http:\/\/institutoabreuelima.com.br\/index.php\/acervo\/\" class=\"elementor-item\">ACERVO<\/a><\/li>\n<li class=\"menu-item menu-item-type-post_type menu-item-object-page menu-item-32\"><a href=\"http:\/\/institutoabreuelima.com.br\/index.php\/conselho\/\" class=\"elementor-item\">CONSELHO<\/a><\/li>\n<li class=\"menu-item menu-item-type-post_type menu-item-object-page menu-item-28\"><a href=\"http:\/\/institutoabreuelima.com.br\/index.php\/memorial\/\" class=\"elementor-item\">MEMORIAL<\/a><\/li>\n<li class=\"menu-item menu-item-type-post_type menu-item-object-page menu-item-29\"><a href=\"http:\/\/institutoabreuelima.com.br\/index.php\/historico\/\" class=\"elementor-item\">HIST\u00d3RICO<\/a><\/li>\n<li class=\"menu-item menu-item-type-post_type menu-item-object-page menu-item-30\"><a href=\"http:\/\/institutoabreuelima.com.br\/index.php\/ctau\/\" class=\"elementor-item\">CTAU<\/a><\/li>\n<li class=\"menu-item menu-item-type-post_type menu-item-object-page menu-item-31\"><a href=\"http:\/\/institutoabreuelima.com.br\/index.php\/contato\/\" class=\"elementor-item\">CONTATO<\/a><\/li>\n<li class=\"menu-item menu-item-type-post_type menu-item-object-page menu-item-27\"><a href=\"http:\/\/institutoabreuelima.com.br\/index.php\/revista\/\" class=\"elementor-item\">REVISTA<\/a><\/li>\n<\/ul><\/nav>\n\t\t\t\t<\/div>\n\t\t\t\t<\/div>\n\t\t\t\t\t<\/div>\n\t\t<\/div>\n\t\t\t\t\t\t\t<\/div>\n\t\t<\/section>\n\t\t\t\t<section class=\"elementor-section elementor-top-section elementor-element elementor-element-3ded59f elementor-section-height-min-height elementor-section-boxed elementor-section-height-default elementor-section-items-middle\" data-id=\"3ded59f\" data-element_type=\"section\" data-settings=\"{&quot;background_background&quot;:&quot;classic&quot;}\">\n\t\t\t\t\t\t<div class=\"elementor-container elementor-column-gap-default\">\n\t\t\t\t\t<div class=\"elementor-column elementor-col-100 elementor-top-column elementor-element elementor-element-59b66c28\" data-id=\"59b66c28\" data-element_type=\"column\">\n\t\t\t<div class=\"elementor-widget-wrap\">\n\t\t\t\t\t\t\t\t\t<\/div>\n\t\t<\/div>\n\t\t\t\t\t\t\t<\/div>\n\t\t<\/section>\n\t\t\t\t<section class=\"elementor-section elementor-top-section elementor-element elementor-element-19d7eda0 elementor-section-height-min-height elementor-section-boxed elementor-section-height-default elementor-section-items-middle\" data-id=\"19d7eda0\" data-element_type=\"section\" data-settings=\"{&quot;background_background&quot;:&quot;classic&quot;,&quot;shape_divider_bottom&quot;:&quot;mountains&quot;}\">\n\t\t\t\t\t<div class=\"elementor-shape elementor-shape-bottom\" data-negative=\"false\">\n\t\t\t<svg xmlns=\"http:\/\/www.w3.org\/2000\/svg\" viewBox=\"0 0 1000 100\" preserveAspectRatio=\"none\">\n\t<path class=\"elementor-shape-fill\" opacity=\"0.33\" d=\"M473,67.3c-203.9,88.3-263.1-34-320.3,0C66,119.1,0,59.7,0,59.7V0h1000v59.7 c0,0-62.1,26.1-94.9,29.3c-32.8,3.3-62.8-12.3-75.8-22.1C806,49.6,745.3,8.7,694.9,4.7S492.4,59,473,67.3z\"\/>\n\t<path class=\"elementor-shape-fill\" opacity=\"0.66\" d=\"M734,67.3c-45.5,0-77.2-23.2-129.1-39.1c-28.6-8.7-150.3-10.1-254,39.1 s-91.7-34.4-149.2,0C115.7,118.3,0,39.8,0,39.8V0h1000v36.5c0,0-28.2-18.5-92.1-18.5C810.2,18.1,775.7,67.3,734,67.3z\"\/>\n\t<path class=\"elementor-shape-fill\" d=\"M766.1,28.9c-200-57.5-266,65.5-395.1,19.5C242,1.8,242,5.4,184.8,20.6C128,35.8,132.3,44.9,89.9,52.5C28.6,63.7,0,0,0,0 h1000c0,0-9.9,40.9-83.6,48.1S829.6,47,766.1,28.9z\"\/>\n<\/svg>\t\t<\/div>\n\t\t\t\t\t<div class=\"elementor-container elementor-column-gap-default\">\n\t\t\t\t\t<div class=\"elementor-column elementor-col-100 elementor-top-column elementor-element elementor-element-7a2804c6\" data-id=\"7a2804c6\" data-element_type=\"column\">\n\t\t\t<div class=\"elementor-widget-wrap\">\n\t\t\t\t\t\t\t\t\t<\/div>\n\t\t<\/div>\n\t\t\t\t\t\t\t<\/div>\n\t\t<\/section>\n\t\t\t\t<section class=\"elementor-section elementor-top-section elementor-element elementor-element-15cf360 elementor-section-boxed elementor-section-height-default elementor-section-height-default\" data-id=\"15cf360\" data-element_type=\"section\">\n\t\t\t\t\t\t<div class=\"elementor-container elementor-column-gap-default\">\n\t\t\t\t\t<div class=\"elementor-column elementor-col-100 elementor-top-column elementor-element elementor-element-3118768\" data-id=\"3118768\" data-element_type=\"column\">\n\t\t\t<div class=\"elementor-widget-wrap elementor-element-populated\">\n\t\t\t\t\t\t\t\t<div class=\"elementor-element elementor-element-828d0d4 elementor-widget elementor-widget-heading\" data-id=\"828d0d4\" data-element_type=\"widget\" data-widget_type=\"heading.default\">\n\t\t\t\t<div class=\"elementor-widget-container\">\n\t\t\t<h2 class=\"elementor-heading-title elementor-size-default\">PALAVRA DO PRESIDENTE<\/h2>\t\t<\/div>\n\t\t\t\t<\/div>\n\t\t\t\t<div class=\"elementor-element elementor-element-bd58441 elementor-widget elementor-widget-image\" data-id=\"bd58441\" data-element_type=\"widget\" data-widget_type=\"image.default\">\n\t\t\t\t<div class=\"elementor-widget-container\">\n\t\t\t\t\t\t\t\t\t\t\t\t\t\t\t<img loading=\"lazy\" decoding=\"async\" width=\"300\" height=\"180\" src=\"http:\/\/institutoabreuelima.com.br\/wp-content\/uploads\/2022\/08\/26_2-300x180-1.jpg\" class=\"attachment-large size-large\" alt=\"\" \/>\t\t\t\t\t\t\t\t\t\t\t\t\t\t\t<\/div>\n\t\t\t\t<\/div>\n\t\t\t\t\t<\/div>\n\t\t<\/div>\n\t\t\t\t\t\t\t<\/div>\n\t\t<\/section>\n\t\t\t\t<section class=\"elementor-section elementor-top-section elementor-element elementor-element-bfb9450 elementor-section-boxed elementor-section-height-default elementor-section-height-default\" data-id=\"bfb9450\" data-element_type=\"section\">\n\t\t\t\t\t\t<div class=\"elementor-container elementor-column-gap-default\">\n\t\t\t\t\t<div class=\"elementor-column elementor-col-100 elementor-top-column elementor-element elementor-element-31b31c1\" data-id=\"31b31c1\" data-element_type=\"column\">\n\t\t\t<div class=\"elementor-widget-wrap elementor-element-populated\">\n\t\t\t\t\t\t\t\t<div class=\"elementor-element elementor-element-fbe1b2c elementor-widget elementor-widget-text-editor\" data-id=\"fbe1b2c\" data-element_type=\"widget\" data-widget_type=\"text-editor.default\">\n\t\t\t\t<div class=\"elementor-widget-container\">\n\t\t\t\t\t\t\t<p>O Instituto Abreu e Lima (IAL), entidade sem fins lucrativos, destina-se a atividades multiculturais e de interc\u00e2mbio de id\u00e9ias e projetos de cunho l\u00fadico, educacional e social. As atividades desenvolvidas sob a sua chancela, dever\u00e3o naturalmente extrapolar os limites das suas instala\u00e7\u00f5es, atingindo e movimentando \u00e1reas do seu entorno, com a participa\u00e7\u00e3o e o envolvimento do p\u00fablico: sejam em forma de apresenta\u00e7\u00f5es cinematogr\u00e1ficas, eventos gastron\u00f4micos, teatrais, circenses, musicais, de dan\u00e7a latino americana, cursos, palestras e oficinas, sejam em forma de solenidades c\u00edvicas e de homenagem aos nossos her\u00f3is. Tudo de forma harm\u00f4nica e naturalmente integrada \u00e0s manifesta\u00e7\u00f5es culturais e art\u00edsticas j\u00e1 tradicionais, inerentes ao Munic\u00edpio de Olinda. Este perfil representa e perpetua simbolicamente o pensamento de Abreu e Lima, defensor incans\u00e1vel da liberdade de express\u00e3o e de pensamento e um her\u00f3i sem fronteiras. As instala\u00e7\u00f5es do Instituto estar\u00e3o dispon\u00edveis tamb\u00e9m para reuni\u00f5es e eventos promovidos pelos \u00f3rg\u00e3os da administra\u00e7\u00e3o p\u00fablica, como simp\u00f3sios e congressos, entre outros.\u00a0Receber\u00e1, de acordo com o seu estatuto, doa\u00e7\u00f5es oriundas de entidades p\u00fablicas e privadas, destinadas \u00e0s suas atividades peculiares, e \u00e0 constru\u00e7\u00e3o do Memorial General Abreu e Lima. No transcurso das atividades do Instituto Abreu e Lima (IAL), ser\u00e1 sempre destacada a import\u00e2ncia de Jos\u00e9 In\u00e1cio de Abreu e Lima no cen\u00e1rio latino americano, enquanto general de Sim\u00f3n Bol\u00edvar, personagem de destaque nas batalhas que determinaram a independ\u00eancia da Bol\u00edvia, Col\u00f4mbia, Equador, Panam\u00e1, Peru e Venezuela. Tanto um quanto o outro, companheiros de batalhas e irm\u00e3os na amizade inquebrant\u00e1vel que os unia, dever\u00e3o figurar como \u00edcones principais e permear\u00e3o toda e qualquer atividade do Instituto Abreu e Lima. Deve-se ressaltar que \u00e9 cada vez mais necess\u00e1rio o resgate da mem\u00f3ria do grande patriota e her\u00f3i brasileiro, pernambucano e socialista. Entendemos que a nossa hist\u00f3ria lhe deve uma justa e merecida acolhida, negada durante mais de um s\u00e9culo pelas ditaduras que se sucederam no Brasil, que desgra\u00e7adamente prestaram um lament\u00e1vel desservi\u00e7o \u00e0 cultura e ao progresso da Na\u00e7\u00e3o. Em conson\u00e2ncia com a relev\u00e2ncia de Abreu e Lima e de sua mem\u00f3ria, entendemos que a \u00e1rea destinada deva possuir um bom n\u00edvel de localiza\u00e7\u00e3o e de visualiza\u00e7\u00e3o, al\u00e9m de dispor de espa\u00e7o para a realiza\u00e7\u00e3o dos mais diversificados eventos. \u00c9 mister registrar que o Instituto Abreu e Lima, com o seu perfil de car\u00e1ter empreendedor e alma pernambucana e, sobretudo olindense, pretende destacar-se como p\u00f3lo de integra\u00e7\u00e3o e interc\u00e2mbio permanente de manifesta\u00e7\u00f5es culturais e art\u00edsticas entre os povos latino americanos<\/p>\t\t\t\t\t\t<\/div>\n\t\t\t\t<\/div>\n\t\t\t\t\t<\/div>\n\t\t<\/div>\n\t\t\t\t\t\t\t<\/div>\n\t\t<\/section>\n\t\t\t\t<section class=\"elementor-section elementor-top-section elementor-element elementor-element-e192854 elementor-section-height-min-height elementor-section-boxed elementor-section-height-default elementor-section-items-middle\" data-id=\"e192854\" data-element_type=\"section\" data-settings=\"{&quot;background_background&quot;:&quot;classic&quot;}\">\n\t\t\t\t\t\t<div class=\"elementor-container elementor-column-gap-default\">\n\t\t\t\t\t<div class=\"elementor-column elementor-col-100 elementor-top-column elementor-element elementor-element-4d49de6c\" data-id=\"4d49de6c\" data-element_type=\"column\">\n\t\t\t<div class=\"elementor-widget-wrap\">\n\t\t\t\t\t\t\t\t\t<\/div>\n\t\t<\/div>\n\t\t\t\t\t\t\t<\/div>\n\t\t<\/section>\n\t\t\t\t<section class=\"elementor-section elementor-top-section elementor-element elementor-element-5f0f817e elementor-section-boxed elementor-section-height-default elementor-section-height-default\" data-id=\"5f0f817e\" data-element_type=\"section\" data-settings=\"{&quot;background_background&quot;:&quot;classic&quot;}\">\n\t\t\t\t\t\t<div class=\"elementor-container elementor-column-gap-default\">\n\t\t\t\t\t<div class=\"elementor-column elementor-col-33 elementor-top-column elementor-element elementor-element-55cccb34\" data-id=\"55cccb34\" data-element_type=\"column\">\n\t\t\t<div class=\"elementor-widget-wrap elementor-element-populated\">\n\t\t\t\t\t\t\t\t<div class=\"elementor-element elementor-element-71d6a5b7 elementor-widget elementor-widget-image\" data-id=\"71d6a5b7\" data-element_type=\"widget\" data-widget_type=\"image.default\">\n\t\t\t\t<div class=\"elementor-widget-container\">\n\t\t\t\t\t\t\t\t\t\t\t\t\t\t\t<img loading=\"lazy\" decoding=\"async\" width=\"441\" height=\"184\" src=\"http:\/\/institutoabreuelima.com.br\/wp-content\/uploads\/2022\/08\/logo.png\" class=\"attachment-full size-full\" alt=\"\" srcset=\"http:\/\/institutoabreuelima.com.br\/wp-content\/uploads\/2022\/08\/logo.png 441w, http:\/\/institutoabreuelima.com.br\/wp-content\/uploads\/2022\/08\/logo-300x125.png 300w\" sizes=\"auto, (max-width: 441px) 100vw, 441px\" \/>\t\t\t\t\t\t\t\t\t\t\t\t\t\t\t<\/div>\n\t\t\t\t<\/div>\n\t\t\t\t\t<\/div>\n\t\t<\/div>\n\t\t\t\t<div class=\"elementor-column elementor-col-33 elementor-top-column elementor-element elementor-element-28cbec6c\" data-id=\"28cbec6c\" data-element_type=\"column\">\n\t\t\t<div class=\"elementor-widget-wrap elementor-element-populated\">\n\t\t\t\t\t\t\t\t<div class=\"elementor-element elementor-element-3d770aa8 elementor-nav-menu--indicator-none elementor-nav-menu--dropdown-tablet elementor-nav-menu__text-align-aside elementor-nav-menu--toggle elementor-nav-menu--burger elementor-widget elementor-widget-nav-menu\" data-id=\"3d770aa8\" data-element_type=\"widget\" data-settings=\"{&quot;layout&quot;:&quot;vertical&quot;,&quot;toggle&quot;:&quot;burger&quot;}\" data-widget_type=\"nav-menu.default\">\n\t\t\t\t<div class=\"elementor-widget-container\">\n\t\t\t\t\t\t<nav role=\"navigation\" class=\"elementor-nav-menu--main elementor-nav-menu__container elementor-nav-menu--layout-vertical e--pointer-underline e--animation-slide\"><ul id=\"menu-1-3d770aa8\" class=\"elementor-nav-menu sm-vertical\"><li class=\"menu-item menu-item-type-post_type menu-item-object-page menu-item-home menu-item-34\"><a href=\"http:\/\/institutoabreuelima.com.br\/\" class=\"elementor-item\">HOME<\/a><\/li>\n<li class=\"menu-item menu-item-type-post_type menu-item-object-page menu-item-35\"><a href=\"http:\/\/institutoabreuelima.com.br\/index.php\/acervo\/\" class=\"elementor-item\">ACERVO<\/a><\/li>\n<li class=\"menu-item menu-item-type-post_type menu-item-object-page menu-item-32\"><a href=\"http:\/\/institutoabreuelima.com.br\/index.php\/conselho\/\" class=\"elementor-item\">CONSELHO<\/a><\/li>\n<li class=\"menu-item menu-item-type-post_type menu-item-object-page menu-item-28\"><a href=\"http:\/\/institutoabreuelima.com.br\/index.php\/memorial\/\" class=\"elementor-item\">MEMORIAL<\/a><\/li>\n<li class=\"menu-item menu-item-type-post_type menu-item-object-page menu-item-29\"><a href=\"http:\/\/institutoabreuelima.com.br\/index.php\/historico\/\" class=\"elementor-item\">HIST\u00d3RICO<\/a><\/li>\n<li class=\"menu-item menu-item-type-post_type menu-item-object-page menu-item-30\"><a href=\"http:\/\/institutoabreuelima.com.br\/index.php\/ctau\/\" class=\"elementor-item\">CTAU<\/a><\/li>\n<li class=\"menu-item menu-item-type-post_type menu-item-object-page menu-item-31\"><a href=\"http:\/\/institutoabreuelima.com.br\/index.php\/contato\/\" class=\"elementor-item\">CONTATO<\/a><\/li>\n<li class=\"menu-item menu-item-type-post_type menu-item-object-page menu-item-27\"><a href=\"http:\/\/institutoabreuelima.com.br\/index.php\/revista\/\" class=\"elementor-item\">REVISTA<\/a><\/li>\n<\/ul><\/nav>\n\t\t\t\t\t<div class=\"elementor-menu-toggle\" role=\"button\" tabindex=\"0\" aria-label=\"Menu Toggle\" aria-expanded=\"false\">\n\t\t\t<i class=\"eicon-menu-bar\" aria-hidden=\"true\"><\/i>\n\t\t\t<span class=\"elementor-screen-only\">Menu<\/span>\n\t\t<\/div>\n\t\t\t<nav class=\"elementor-nav-menu--dropdown elementor-nav-menu__container\" role=\"navigation\" aria-hidden=\"true\"><ul id=\"menu-2-3d770aa8\" class=\"elementor-nav-menu sm-vertical\"><li class=\"menu-item menu-item-type-post_type menu-item-object-page menu-item-home menu-item-34\"><a href=\"http:\/\/institutoabreuelima.com.br\/\" class=\"elementor-item\">HOME<\/a><\/li>\n<li class=\"menu-item menu-item-type-post_type menu-item-object-page menu-item-35\"><a href=\"http:\/\/institutoabreuelima.com.br\/index.php\/acervo\/\" class=\"elementor-item\">ACERVO<\/a><\/li>\n<li class=\"menu-item menu-item-type-post_type menu-item-object-page menu-item-32\"><a href=\"http:\/\/institutoabreuelima.com.br\/index.php\/conselho\/\" class=\"elementor-item\">CONSELHO<\/a><\/li>\n<li class=\"menu-item menu-item-type-post_type menu-item-object-page menu-item-28\"><a href=\"http:\/\/institutoabreuelima.com.br\/index.php\/memorial\/\" class=\"elementor-item\">MEMORIAL<\/a><\/li>\n<li class=\"menu-item menu-item-type-post_type menu-item-object-page menu-item-29\"><a href=\"http:\/\/institutoabreuelima.com.br\/index.php\/historico\/\" class=\"elementor-item\">HIST\u00d3RICO<\/a><\/li>\n<li class=\"menu-item menu-item-type-post_type menu-item-object-page menu-item-30\"><a href=\"http:\/\/institutoabreuelima.com.br\/index.php\/ctau\/\" class=\"elementor-item\">CTAU<\/a><\/li>\n<li class=\"menu-item menu-item-type-post_type menu-item-object-page menu-item-31\"><a href=\"http:\/\/institutoabreuelima.com.br\/index.php\/contato\/\" class=\"elementor-item\">CONTATO<\/a><\/li>\n<li class=\"menu-item menu-item-type-post_type menu-item-object-page menu-item-27\"><a href=\"http:\/\/institutoabreuelima.com.br\/index.php\/revista\/\" class=\"elementor-item\">REVISTA<\/a><\/li>\n<\/ul><\/nav>\n\t\t\t\t<\/div>\n\t\t\t\t<\/div>\n\t\t\t\t\t<\/div>\n\t\t<\/div>\n\t\t\t\t<div class=\"elementor-column elementor-col-33 elementor-top-column elementor-element elementor-element-da8fa1b\" data-id=\"da8fa1b\" data-element_type=\"column\">\n\t\t\t<div class=\"elementor-widget-wrap elementor-element-populated\">\n\t\t\t\t\t\t\t\t<div class=\"elementor-element elementor-element-7218c14e elementor-widget elementor-widget-counter\" data-id=\"7218c14e\" data-element_type=\"widget\" data-widget_type=\"counter.default\">\n\t\t\t\t<div class=\"elementor-widget-container\">\n\t\t\t\t\t<div class=\"elementor-counter\">\n\t\t\t<div class=\"elementor-counter-number-wrapper\">\n\t\t\t\t<span class=\"elementor-counter-number-prefix\"><\/span>\n\t\t\t\t<span class=\"elementor-counter-number\" data-duration=\"2000\" data-to-value=\"1890\" data-from-value=\"0\">0<\/span>\n\t\t\t\t<span class=\"elementor-counter-number-suffix\"><\/span>\n\t\t\t<\/div>\n\t\t\t\t\t\t\t<div class=\"elementor-counter-title\">Visitantes<\/div>\n\t\t\t\t\t<\/div>\n\t\t\t\t<\/div>\n\t\t\t\t<\/div>\n\t\t\t\t\t<\/div>\n\t\t<\/div>\n\t\t\t\t\t\t\t<\/div>\n\t\t<\/section>\n\t\t\t\t\t\t<\/div>\n\t\t\t\t\t<\/div>\n\t\t","protected":false},"excerpt":{"rendered":"<p>PALAVRA DO PRESIDENTE O Instituto Abreu e Lima (IAL), entidade sem fins lucrativos, destina-se a atividades multiculturais e de interc\u00e2mbio de id\u00e9ias e projetos de cunho l\u00fadico, educacional e social. As atividades desenvolvidas sob a sua chancela, dever\u00e3o naturalmente extrapolar os limites das suas instala\u00e7\u00f5es, atingindo e movimentando \u00e1reas do seu entorno, com a participa\u00e7\u00e3o [&hellip;]<\/p>\n","protected":false},"author":1,"featured_media":0,"parent":0,"menu_order":0,"comment_status":"closed","ping_status":"closed","template":"elementor_canvas","meta":{"footnotes":""},"class_list":["post-480","page","type-page","status-publish","hentry"],"_links":{"self":[{"href":"http:\/\/institutoabreuelima.com.br\/index.php\/wp-json\/wp\/v2\/pages\/480","targetHints":{"allow":["GET"]}}],"collection":[{"href":"http:\/\/institutoabreuelima.com.br\/index.php\/wp-json\/wp\/v2\/pages"}],"about":[{"href":"http:\/\/institutoabreuelima.com.br\/index.php\/wp-json\/wp\/v2\/types\/page"}],"author":[{"embeddable":true,"href":"http:\/\/institutoabreuelima.com.br\/index.php\/wp-json\/wp\/v2\/users\/1"}],"replies":[{"embeddable":true,"href":"http:\/\/institutoabreuelima.com.br\/index.php\/wp-json\/wp\/v2\/comments?post=480"}],"version-history":[{"count":10,"href":"http:\/\/institutoabreuelima.com.br\/index.php\/wp-json\/wp\/v2\/pages\/480\/revisions"}],"predecessor-version":[{"id":492,"href":"http:\/\/institutoabreuelima.com.br\/index.php\/wp-json\/wp\/v2\/pages\/480\/revisions\/492"}],"wp:attachment":[{"href":"http:\/\/institutoabreuelima.com.br\/index.php\/wp-json\/wp\/v2\/media?parent=480"}],"curies":[{"name":"wp","href":"https:\/\/api.w.org\/{rel}","templated":true}]}}