{"id":21,"date":"2022-08-03T10:52:56","date_gmt":"2022-08-03T13:52:56","guid":{"rendered":"http:\/\/institutoabreuelima.com.br\/?page_id=21"},"modified":"2022-09-03T09:56:29","modified_gmt":"2022-09-03T12:56:29","slug":"historico","status":"publish","type":"page","link":"http:\/\/institutoabreuelima.com.br\/index.php\/historico\/","title":{"rendered":"HIST\u00d3RICO"},"content":{"rendered":"\t\t<div data-elementor-type=\"wp-page\" data-elementor-id=\"21\" class=\"elementor elementor-21\" data-elementor-settings=\"[]\">\n\t\t\t\t\t\t\t<div class=\"elementor-section-wrap\">\n\t\t\t\t\t\t\t<section class=\"elementor-section elementor-top-section elementor-element elementor-element-7faf4251 elementor-section-boxed elementor-section-height-default elementor-section-height-default\" data-id=\"7faf4251\" data-element_type=\"section\">\n\t\t\t\t\t\t<div class=\"elementor-container elementor-column-gap-default\">\n\t\t\t\t\t<div class=\"elementor-column elementor-col-50 elementor-top-column elementor-element elementor-element-1d9f8d94\" data-id=\"1d9f8d94\" data-element_type=\"column\">\n\t\t\t<div class=\"elementor-widget-wrap elementor-element-populated\">\n\t\t\t\t\t\t\t\t<div class=\"elementor-element elementor-element-1c7d5bfa elementor-widget elementor-widget-image\" data-id=\"1c7d5bfa\" data-element_type=\"widget\" data-widget_type=\"image.default\">\n\t\t\t\t<div class=\"elementor-widget-container\">\n\t\t\t\t\t\t\t\t\t\t\t\t\t\t\t\t<a href=\"http:\/\/institutoabreuelima.com.br\/\">\n\t\t\t\t\t\t\t<img loading=\"lazy\" decoding=\"async\" width=\"441\" height=\"184\" src=\"http:\/\/institutoabreuelima.com.br\/wp-content\/uploads\/2022\/08\/logo.png\" class=\"attachment-large size-large\" alt=\"\" srcset=\"http:\/\/institutoabreuelima.com.br\/wp-content\/uploads\/2022\/08\/logo.png 441w, http:\/\/institutoabreuelima.com.br\/wp-content\/uploads\/2022\/08\/logo-300x125.png 300w\" sizes=\"auto, (max-width: 441px) 100vw, 441px\" \/>\t\t\t\t\t\t\t\t<\/a>\n\t\t\t\t\t\t\t\t\t\t\t\t\t\t\t<\/div>\n\t\t\t\t<\/div>\n\t\t\t\t\t<\/div>\n\t\t<\/div>\n\t\t\t\t<div class=\"elementor-column elementor-col-50 elementor-top-column elementor-element elementor-element-1594c265\" data-id=\"1594c265\" data-element_type=\"column\">\n\t\t\t<div class=\"elementor-widget-wrap elementor-element-populated\">\n\t\t\t\t\t\t\t\t<div class=\"elementor-element elementor-element-477831b6 elementor-nav-menu__align-center elementor-nav-menu--indicator-classic elementor-nav-menu--dropdown-tablet elementor-nav-menu__text-align-aside elementor-nav-menu--toggle elementor-nav-menu--burger elementor-widget elementor-widget-nav-menu\" data-id=\"477831b6\" data-element_type=\"widget\" data-settings=\"{&quot;layout&quot;:&quot;horizontal&quot;,&quot;toggle&quot;:&quot;burger&quot;}\" data-widget_type=\"nav-menu.default\">\n\t\t\t\t<div class=\"elementor-widget-container\">\n\t\t\t\t\t\t<nav role=\"navigation\" class=\"elementor-nav-menu--main elementor-nav-menu__container elementor-nav-menu--layout-horizontal e--pointer-underline e--animation-fade\"><ul id=\"menu-1-477831b6\" class=\"elementor-nav-menu\"><li class=\"menu-item menu-item-type-post_type menu-item-object-page menu-item-home menu-item-34\"><a href=\"http:\/\/institutoabreuelima.com.br\/\" class=\"elementor-item\">HOME<\/a><\/li>\n<li class=\"menu-item menu-item-type-post_type menu-item-object-page menu-item-35\"><a href=\"http:\/\/institutoabreuelima.com.br\/index.php\/acervo\/\" class=\"elementor-item\">ACERVO<\/a><\/li>\n<li class=\"menu-item menu-item-type-post_type menu-item-object-page menu-item-32\"><a href=\"http:\/\/institutoabreuelima.com.br\/index.php\/conselho\/\" class=\"elementor-item\">CONSELHO<\/a><\/li>\n<li class=\"menu-item menu-item-type-post_type menu-item-object-page menu-item-28\"><a href=\"http:\/\/institutoabreuelima.com.br\/index.php\/memorial\/\" class=\"elementor-item\">MEMORIAL<\/a><\/li>\n<li class=\"menu-item menu-item-type-post_type menu-item-object-page menu-item-29\"><a href=\"http:\/\/institutoabreuelima.com.br\/index.php\/historico\/\" class=\"elementor-item\">HIST\u00d3RICO<\/a><\/li>\n<li class=\"menu-item menu-item-type-post_type menu-item-object-page menu-item-30\"><a href=\"http:\/\/institutoabreuelima.com.br\/index.php\/ctau\/\" class=\"elementor-item\">CTAU<\/a><\/li>\n<li class=\"menu-item menu-item-type-post_type menu-item-object-page menu-item-31\"><a href=\"http:\/\/institutoabreuelima.com.br\/index.php\/contato\/\" class=\"elementor-item\">CONTATO<\/a><\/li>\n<li class=\"menu-item menu-item-type-post_type menu-item-object-page menu-item-27\"><a href=\"http:\/\/institutoabreuelima.com.br\/index.php\/revista\/\" class=\"elementor-item\">REVISTA<\/a><\/li>\n<\/ul><\/nav>\n\t\t\t\t\t<div class=\"elementor-menu-toggle\" role=\"button\" tabindex=\"0\" aria-label=\"Menu Toggle\" aria-expanded=\"false\">\n\t\t\t<i class=\"eicon-menu-bar\" aria-hidden=\"true\"><\/i>\n\t\t\t<span class=\"elementor-screen-only\">Menu<\/span>\n\t\t<\/div>\n\t\t\t<nav class=\"elementor-nav-menu--dropdown elementor-nav-menu__container\" role=\"navigation\" aria-hidden=\"true\"><ul id=\"menu-2-477831b6\" class=\"elementor-nav-menu\"><li class=\"menu-item menu-item-type-post_type menu-item-object-page menu-item-home menu-item-34\"><a href=\"http:\/\/institutoabreuelima.com.br\/\" class=\"elementor-item\">HOME<\/a><\/li>\n<li class=\"menu-item menu-item-type-post_type menu-item-object-page menu-item-35\"><a href=\"http:\/\/institutoabreuelima.com.br\/index.php\/acervo\/\" class=\"elementor-item\">ACERVO<\/a><\/li>\n<li class=\"menu-item menu-item-type-post_type menu-item-object-page menu-item-32\"><a href=\"http:\/\/institutoabreuelima.com.br\/index.php\/conselho\/\" class=\"elementor-item\">CONSELHO<\/a><\/li>\n<li class=\"menu-item menu-item-type-post_type menu-item-object-page menu-item-28\"><a href=\"http:\/\/institutoabreuelima.com.br\/index.php\/memorial\/\" class=\"elementor-item\">MEMORIAL<\/a><\/li>\n<li class=\"menu-item menu-item-type-post_type menu-item-object-page menu-item-29\"><a href=\"http:\/\/institutoabreuelima.com.br\/index.php\/historico\/\" class=\"elementor-item\">HIST\u00d3RICO<\/a><\/li>\n<li class=\"menu-item menu-item-type-post_type menu-item-object-page menu-item-30\"><a href=\"http:\/\/institutoabreuelima.com.br\/index.php\/ctau\/\" class=\"elementor-item\">CTAU<\/a><\/li>\n<li class=\"menu-item menu-item-type-post_type menu-item-object-page menu-item-31\"><a href=\"http:\/\/institutoabreuelima.com.br\/index.php\/contato\/\" class=\"elementor-item\">CONTATO<\/a><\/li>\n<li class=\"menu-item menu-item-type-post_type menu-item-object-page menu-item-27\"><a href=\"http:\/\/institutoabreuelima.com.br\/index.php\/revista\/\" class=\"elementor-item\">REVISTA<\/a><\/li>\n<\/ul><\/nav>\n\t\t\t\t<\/div>\n\t\t\t\t<\/div>\n\t\t\t\t\t<\/div>\n\t\t<\/div>\n\t\t\t\t\t\t\t<\/div>\n\t\t<\/section>\n\t\t\t\t<section class=\"elementor-section elementor-top-section elementor-element elementor-element-18d9a873 elementor-section-height-min-height elementor-section-boxed elementor-section-height-default elementor-section-items-middle\" data-id=\"18d9a873\" data-element_type=\"section\" data-settings=\"{&quot;background_background&quot;:&quot;classic&quot;}\">\n\t\t\t\t\t\t<div class=\"elementor-container elementor-column-gap-default\">\n\t\t\t\t\t<div class=\"elementor-column elementor-col-100 elementor-top-column elementor-element elementor-element-26ad7767\" data-id=\"26ad7767\" data-element_type=\"column\">\n\t\t\t<div class=\"elementor-widget-wrap\">\n\t\t\t\t\t\t\t\t\t<\/div>\n\t\t<\/div>\n\t\t\t\t\t\t\t<\/div>\n\t\t<\/section>\n\t\t\t\t<section class=\"elementor-section elementor-top-section elementor-element elementor-element-3abd998e elementor-section-height-min-height elementor-section-boxed elementor-section-height-default elementor-section-items-middle\" data-id=\"3abd998e\" data-element_type=\"section\" data-settings=\"{&quot;background_background&quot;:&quot;classic&quot;,&quot;shape_divider_bottom&quot;:&quot;mountains&quot;}\">\n\t\t\t\t\t<div class=\"elementor-shape elementor-shape-bottom\" data-negative=\"false\">\n\t\t\t<svg xmlns=\"http:\/\/www.w3.org\/2000\/svg\" viewBox=\"0 0 1000 100\" preserveAspectRatio=\"none\">\n\t<path class=\"elementor-shape-fill\" opacity=\"0.33\" d=\"M473,67.3c-203.9,88.3-263.1-34-320.3,0C66,119.1,0,59.7,0,59.7V0h1000v59.7 c0,0-62.1,26.1-94.9,29.3c-32.8,3.3-62.8-12.3-75.8-22.1C806,49.6,745.3,8.7,694.9,4.7S492.4,59,473,67.3z\"\/>\n\t<path class=\"elementor-shape-fill\" opacity=\"0.66\" d=\"M734,67.3c-45.5,0-77.2-23.2-129.1-39.1c-28.6-8.7-150.3-10.1-254,39.1 s-91.7-34.4-149.2,0C115.7,118.3,0,39.8,0,39.8V0h1000v36.5c0,0-28.2-18.5-92.1-18.5C810.2,18.1,775.7,67.3,734,67.3z\"\/>\n\t<path class=\"elementor-shape-fill\" d=\"M766.1,28.9c-200-57.5-266,65.5-395.1,19.5C242,1.8,242,5.4,184.8,20.6C128,35.8,132.3,44.9,89.9,52.5C28.6,63.7,0,0,0,0 h1000c0,0-9.9,40.9-83.6,48.1S829.6,47,766.1,28.9z\"\/>\n<\/svg>\t\t<\/div>\n\t\t\t\t\t<div class=\"elementor-container elementor-column-gap-default\">\n\t\t\t\t\t<div class=\"elementor-column elementor-col-100 elementor-top-column elementor-element elementor-element-ca31abb\" data-id=\"ca31abb\" data-element_type=\"column\">\n\t\t\t<div class=\"elementor-widget-wrap\">\n\t\t\t\t\t\t\t\t\t<\/div>\n\t\t<\/div>\n\t\t\t\t\t\t\t<\/div>\n\t\t<\/section>\n\t\t\t\t<section class=\"elementor-section elementor-top-section elementor-element elementor-element-09b4f7c elementor-section-boxed elementor-section-height-default elementor-section-height-default\" data-id=\"09b4f7c\" data-element_type=\"section\">\n\t\t\t\t\t\t<div class=\"elementor-container elementor-column-gap-default\">\n\t\t\t\t\t<div class=\"elementor-column elementor-col-100 elementor-top-column elementor-element elementor-element-f86d43a\" data-id=\"f86d43a\" data-element_type=\"column\">\n\t\t\t<div class=\"elementor-widget-wrap elementor-element-populated\">\n\t\t\t\t\t\t\t\t<div class=\"elementor-element elementor-element-a5471ea elementor-widget elementor-widget-heading\" data-id=\"a5471ea\" data-element_type=\"widget\" data-widget_type=\"heading.default\">\n\t\t\t\t<div class=\"elementor-widget-container\">\n\t\t\t<h2 class=\"elementor-heading-title elementor-size-default\">HIST\u00d3RICO<\/h2>\t\t<\/div>\n\t\t\t\t<\/div>\n\t\t\t\t\t<\/div>\n\t\t<\/div>\n\t\t\t\t\t\t\t<\/div>\n\t\t<\/section>\n\t\t\t\t<section class=\"elementor-section elementor-top-section elementor-element elementor-element-629a8e9 elementor-section-boxed elementor-section-height-default elementor-section-height-default\" data-id=\"629a8e9\" data-element_type=\"section\">\n\t\t\t\t\t\t<div class=\"elementor-container elementor-column-gap-default\">\n\t\t\t\t\t<div class=\"elementor-column elementor-col-100 elementor-top-column elementor-element elementor-element-d55f144\" data-id=\"d55f144\" data-element_type=\"column\">\n\t\t\t<div class=\"elementor-widget-wrap elementor-element-populated\">\n\t\t\t\t\t\t\t\t<div class=\"elementor-element elementor-element-0a4e38d elementor-widget elementor-widget-text-editor\" data-id=\"0a4e38d\" data-element_type=\"widget\" data-widget_type=\"text-editor.default\">\n\t\t\t\t<div class=\"elementor-widget-container\">\n\t\t\t\t\t\t\t<p>O Instituto Abreu e Lima (IAL) nasceu como nascem as grandes obras da humanidade: de um sonho. Um desejo de um mundo melhor e mais justo, como foi o desejo de um dos maiores m\u00e1rtires da hist\u00f3ria da Am\u00e9rica Latina: Jos\u00e9 Ign\u00e1cio de Abreu e Lima, mais conhecido como General Abreu e Lima Esse nobre Instituto pretende dar uma contribui\u00e7\u00e3o ao pensamento socialista e hist\u00f3rico contempor\u00e2neo, resgatando sua obra e seus ideais e, ao mesmo tempo, contribuir para a constru\u00e7\u00e3o de seu Memorial, que fortalecer\u00e1 ainda nomes como Luis Ign\u00e1cio Ribeiro de Abreu e Lima (Roma), Jo\u00e3o Ign\u00e1cio Ribeiro de Abreu e Lima (Roma), Jos\u00e9 Ign\u00e1cio Ribeiro de Abreu e Lima, pai do General e respons\u00e1vel direto pela revolu\u00e7\u00e3o de 1817 ao lado de Frei Divino Caneca, e outros menos conhecidos como Romualdo Alves de Oliveira, Pedro de Souza Ten\u00f3rio e Agostinho Bezerra. O Brasil do s\u00e9culo XXI apresenta as condi\u00e7\u00f5es necess\u00e1rias para o fortalecimento do ideal socialista, e Recife, capital de Pernambuco, incorpora e representa a gloriosa e efervescente matriz revolucion\u00e1ria que historicamente impregnou o esp\u00edrito de liberdade da Na\u00e7\u00e3o Brasileira. Nosso ideal hist\u00f3rico, transbordante de sonhos revolucion\u00e1rios e socialistas, contribuiu para alavancar os movimentos patri\u00f3ticos como Revolu\u00e7\u00e3o Pernambucana de 1817 e a Confedera\u00e7\u00e3o do Equador de 1824. No momento, estamos trabalhando para forma\u00e7\u00e3o de um acervo espec\u00edfico sobre a vida e obra do General Abreu e Lima e demais intelectuais e revolucion\u00e1rios do s\u00e9culo XIX no Brasil, com a aquisi\u00e7\u00e3o de obras raras e fundamentais para compreens\u00e3o do cen\u00e1rio de seu tempo. Al\u00e9m de disponibilizarmos parte de sua produ\u00e7\u00e3o liter\u00e1ria ao p\u00fablico e possuirmos grande parte de seus textos em jornais e livros, pretendemos divulgar e promover estudos sobre sua obra e sua pessoa, como intelectual, m\u00e1rtir e combatente incans\u00e1vel da liberdade em todos os sentidos. O Instituto Abreu e Lima \u00e9 um bem de todos e para todos. Presidente: Ephrem Abreu e Lima.<\/p><p>Contato: <a href=\"mailto:institutoabreuelima@hotmail.com\">institutoabreuelima@hotmail.com<\/a><\/p>\t\t\t\t\t\t<\/div>\n\t\t\t\t<\/div>\n\t\t\t\t\t<\/div>\n\t\t<\/div>\n\t\t\t\t\t\t\t<\/div>\n\t\t<\/section>\n\t\t\t\t<section class=\"elementor-section elementor-top-section elementor-element elementor-element-176ac065 elementor-section-height-min-height elementor-section-boxed elementor-section-height-default elementor-section-items-middle\" data-id=\"176ac065\" data-element_type=\"section\" data-settings=\"{&quot;background_background&quot;:&quot;classic&quot;}\">\n\t\t\t\t\t\t<div class=\"elementor-container elementor-column-gap-default\">\n\t\t\t\t\t<div class=\"elementor-column elementor-col-100 elementor-top-column elementor-element elementor-element-620f5053\" data-id=\"620f5053\" data-element_type=\"column\">\n\t\t\t<div class=\"elementor-widget-wrap\">\n\t\t\t\t\t\t\t\t\t<\/div>\n\t\t<\/div>\n\t\t\t\t\t\t\t<\/div>\n\t\t<\/section>\n\t\t\t\t<section class=\"elementor-section elementor-top-section elementor-element elementor-element-3c728dd0 elementor-section-boxed elementor-section-height-default elementor-section-height-default\" data-id=\"3c728dd0\" data-element_type=\"section\" data-settings=\"{&quot;background_background&quot;:&quot;classic&quot;}\">\n\t\t\t\t\t\t<div class=\"elementor-container elementor-column-gap-default\">\n\t\t\t\t\t<div class=\"elementor-column elementor-col-33 elementor-top-column elementor-element elementor-element-4892dd7f\" data-id=\"4892dd7f\" data-element_type=\"column\">\n\t\t\t<div class=\"elementor-widget-wrap elementor-element-populated\">\n\t\t\t\t\t\t\t\t<div class=\"elementor-element elementor-element-27095875 elementor-widget elementor-widget-image\" data-id=\"27095875\" data-element_type=\"widget\" data-widget_type=\"image.default\">\n\t\t\t\t<div class=\"elementor-widget-container\">\n\t\t\t\t\t\t\t\t\t\t\t\t\t\t\t<img loading=\"lazy\" decoding=\"async\" width=\"441\" height=\"184\" src=\"http:\/\/institutoabreuelima.com.br\/wp-content\/uploads\/2022\/08\/logo.png\" class=\"attachment-full size-full\" alt=\"\" srcset=\"http:\/\/institutoabreuelima.com.br\/wp-content\/uploads\/2022\/08\/logo.png 441w, http:\/\/institutoabreuelima.com.br\/wp-content\/uploads\/2022\/08\/logo-300x125.png 300w\" sizes=\"auto, (max-width: 441px) 100vw, 441px\" \/>\t\t\t\t\t\t\t\t\t\t\t\t\t\t\t<\/div>\n\t\t\t\t<\/div>\n\t\t\t\t\t<\/div>\n\t\t<\/div>\n\t\t\t\t<div class=\"elementor-column elementor-col-33 elementor-top-column elementor-element elementor-element-c06793b\" data-id=\"c06793b\" data-element_type=\"column\">\n\t\t\t<div class=\"elementor-widget-wrap elementor-element-populated\">\n\t\t\t\t\t\t\t\t<div class=\"elementor-element elementor-element-4485c5ff elementor-nav-menu--indicator-none elementor-nav-menu--dropdown-tablet elementor-nav-menu__text-align-aside elementor-nav-menu--toggle elementor-nav-menu--burger elementor-widget elementor-widget-nav-menu\" data-id=\"4485c5ff\" data-element_type=\"widget\" data-settings=\"{&quot;layout&quot;:&quot;vertical&quot;,&quot;toggle&quot;:&quot;burger&quot;}\" data-widget_type=\"nav-menu.default\">\n\t\t\t\t<div class=\"elementor-widget-container\">\n\t\t\t\t\t\t<nav role=\"navigation\" class=\"elementor-nav-menu--main elementor-nav-menu__container elementor-nav-menu--layout-vertical e--pointer-underline e--animation-slide\"><ul id=\"menu-1-4485c5ff\" class=\"elementor-nav-menu sm-vertical\"><li class=\"menu-item menu-item-type-post_type menu-item-object-page menu-item-home menu-item-34\"><a href=\"http:\/\/institutoabreuelima.com.br\/\" class=\"elementor-item\">HOME<\/a><\/li>\n<li class=\"menu-item menu-item-type-post_type menu-item-object-page menu-item-35\"><a href=\"http:\/\/institutoabreuelima.com.br\/index.php\/acervo\/\" class=\"elementor-item\">ACERVO<\/a><\/li>\n<li class=\"menu-item menu-item-type-post_type menu-item-object-page menu-item-32\"><a href=\"http:\/\/institutoabreuelima.com.br\/index.php\/conselho\/\" class=\"elementor-item\">CONSELHO<\/a><\/li>\n<li class=\"menu-item menu-item-type-post_type menu-item-object-page menu-item-28\"><a href=\"http:\/\/institutoabreuelima.com.br\/index.php\/memorial\/\" class=\"elementor-item\">MEMORIAL<\/a><\/li>\n<li class=\"menu-item menu-item-type-post_type menu-item-object-page menu-item-29\"><a href=\"http:\/\/institutoabreuelima.com.br\/index.php\/historico\/\" class=\"elementor-item\">HIST\u00d3RICO<\/a><\/li>\n<li class=\"menu-item menu-item-type-post_type menu-item-object-page menu-item-30\"><a href=\"http:\/\/institutoabreuelima.com.br\/index.php\/ctau\/\" class=\"elementor-item\">CTAU<\/a><\/li>\n<li class=\"menu-item menu-item-type-post_type menu-item-object-page menu-item-31\"><a href=\"http:\/\/institutoabreuelima.com.br\/index.php\/contato\/\" class=\"elementor-item\">CONTATO<\/a><\/li>\n<li class=\"menu-item menu-item-type-post_type menu-item-object-page menu-item-27\"><a href=\"http:\/\/institutoabreuelima.com.br\/index.php\/revista\/\" class=\"elementor-item\">REVISTA<\/a><\/li>\n<\/ul><\/nav>\n\t\t\t\t\t<div class=\"elementor-menu-toggle\" role=\"button\" tabindex=\"0\" aria-label=\"Menu Toggle\" aria-expanded=\"false\">\n\t\t\t<i class=\"eicon-menu-bar\" aria-hidden=\"true\"><\/i>\n\t\t\t<span class=\"elementor-screen-only\">Menu<\/span>\n\t\t<\/div>\n\t\t\t<nav class=\"elementor-nav-menu--dropdown elementor-nav-menu__container\" role=\"navigation\" aria-hidden=\"true\"><ul id=\"menu-2-4485c5ff\" class=\"elementor-nav-menu sm-vertical\"><li class=\"menu-item menu-item-type-post_type menu-item-object-page menu-item-home menu-item-34\"><a href=\"http:\/\/institutoabreuelima.com.br\/\" class=\"elementor-item\">HOME<\/a><\/li>\n<li class=\"menu-item menu-item-type-post_type menu-item-object-page menu-item-35\"><a href=\"http:\/\/institutoabreuelima.com.br\/index.php\/acervo\/\" class=\"elementor-item\">ACERVO<\/a><\/li>\n<li class=\"menu-item menu-item-type-post_type menu-item-object-page menu-item-32\"><a href=\"http:\/\/institutoabreuelima.com.br\/index.php\/conselho\/\" class=\"elementor-item\">CONSELHO<\/a><\/li>\n<li class=\"menu-item menu-item-type-post_type menu-item-object-page menu-item-28\"><a href=\"http:\/\/institutoabreuelima.com.br\/index.php\/memorial\/\" class=\"elementor-item\">MEMORIAL<\/a><\/li>\n<li class=\"menu-item menu-item-type-post_type menu-item-object-page menu-item-29\"><a href=\"http:\/\/institutoabreuelima.com.br\/index.php\/historico\/\" class=\"elementor-item\">HIST\u00d3RICO<\/a><\/li>\n<li class=\"menu-item menu-item-type-post_type menu-item-object-page menu-item-30\"><a href=\"http:\/\/institutoabreuelima.com.br\/index.php\/ctau\/\" class=\"elementor-item\">CTAU<\/a><\/li>\n<li class=\"menu-item menu-item-type-post_type menu-item-object-page menu-item-31\"><a href=\"http:\/\/institutoabreuelima.com.br\/index.php\/contato\/\" class=\"elementor-item\">CONTATO<\/a><\/li>\n<li class=\"menu-item menu-item-type-post_type menu-item-object-page menu-item-27\"><a href=\"http:\/\/institutoabreuelima.com.br\/index.php\/revista\/\" class=\"elementor-item\">REVISTA<\/a><\/li>\n<\/ul><\/nav>\n\t\t\t\t<\/div>\n\t\t\t\t<\/div>\n\t\t\t\t\t<\/div>\n\t\t<\/div>\n\t\t\t\t<div class=\"elementor-column elementor-col-33 elementor-top-column elementor-element elementor-element-700f9dbb\" data-id=\"700f9dbb\" data-element_type=\"column\">\n\t\t\t<div class=\"elementor-widget-wrap elementor-element-populated\">\n\t\t\t\t\t\t\t\t<div class=\"elementor-element elementor-element-68e8f94d elementor-widget elementor-widget-counter\" data-id=\"68e8f94d\" data-element_type=\"widget\" data-widget_type=\"counter.default\">\n\t\t\t\t<div class=\"elementor-widget-container\">\n\t\t\t\t\t<div class=\"elementor-counter\">\n\t\t\t<div class=\"elementor-counter-number-wrapper\">\n\t\t\t\t<span class=\"elementor-counter-number-prefix\"><\/span>\n\t\t\t\t<span class=\"elementor-counter-number\" data-duration=\"2000\" data-to-value=\"1890\" data-from-value=\"0\">0<\/span>\n\t\t\t\t<span class=\"elementor-counter-number-suffix\"><\/span>\n\t\t\t<\/div>\n\t\t\t\t\t\t\t<div class=\"elementor-counter-title\">Visitantes<\/div>\n\t\t\t\t\t<\/div>\n\t\t\t\t<\/div>\n\t\t\t\t<\/div>\n\t\t\t\t\t<\/div>\n\t\t<\/div>\n\t\t\t\t\t\t\t<\/div>\n\t\t<\/section>\n\t\t\t\t\t\t<\/div>\n\t\t\t\t\t<\/div>\n\t\t","protected":false},"excerpt":{"rendered":"<p>HIST\u00d3RICO O Instituto Abreu e Lima (IAL) nasceu como nascem as grandes obras da humanidade: de um sonho. Um desejo de um mundo melhor e mais justo, como foi o desejo de um dos maiores m\u00e1rtires da hist\u00f3ria da Am\u00e9rica Latina: Jos\u00e9 Ign\u00e1cio de Abreu e Lima, mais conhecido como General Abreu e Lima Esse [&hellip;]<\/p>\n","protected":false},"author":1,"featured_media":0,"parent":0,"menu_order":0,"comment_status":"closed","ping_status":"closed","template":"elementor_canvas","meta":{"footnotes":""},"class_list":["post-21","page","type-page","status-publish","hentry"],"_links":{"self":[{"href":"http:\/\/institutoabreuelima.com.br\/index.php\/wp-json\/wp\/v2\/pages\/21","targetHints":{"allow":["GET"]}}],"collection":[{"href":"http:\/\/institutoabreuelima.com.br\/index.php\/wp-json\/wp\/v2\/pages"}],"about":[{"href":"http:\/\/institutoabreuelima.com.br\/index.php\/wp-json\/wp\/v2\/types\/page"}],"author":[{"embeddable":true,"href":"http:\/\/institutoabreuelima.com.br\/index.php\/wp-json\/wp\/v2\/users\/1"}],"replies":[{"embeddable":true,"href":"http:\/\/institutoabreuelima.com.br\/index.php\/wp-json\/wp\/v2\/comments?post=21"}],"version-history":[{"count":16,"href":"http:\/\/institutoabreuelima.com.br\/index.php\/wp-json\/wp\/v2\/pages\/21\/revisions"}],"predecessor-version":[{"id":441,"href":"http:\/\/institutoabreuelima.com.br\/index.php\/wp-json\/wp\/v2\/pages\/21\/revisions\/441"}],"wp:attachment":[{"href":"http:\/\/institutoabreuelima.com.br\/index.php\/wp-json\/wp\/v2\/media?parent=21"}],"curies":[{"name":"wp","href":"https:\/\/api.w.org\/{rel}","templated":true}]}}