{"id":15,"date":"2022-08-03T10:51:40","date_gmt":"2022-08-03T13:51:40","guid":{"rendered":"http:\/\/institutoabreuelima.com.br\/?page_id=15"},"modified":"2022-09-03T09:53:56","modified_gmt":"2022-09-03T12:53:56","slug":"conselho","status":"publish","type":"page","link":"http:\/\/institutoabreuelima.com.br\/index.php\/conselho\/","title":{"rendered":"CONSELHO"},"content":{"rendered":"\t\t<div data-elementor-type=\"wp-page\" data-elementor-id=\"15\" class=\"elementor elementor-15\" data-elementor-settings=\"[]\">\n\t\t\t\t\t\t\t<div class=\"elementor-section-wrap\">\n\t\t\t\t\t\t\t<section class=\"elementor-section elementor-top-section elementor-element elementor-element-439c2ab0 elementor-section-boxed elementor-section-height-default elementor-section-height-default\" data-id=\"439c2ab0\" data-element_type=\"section\">\n\t\t\t\t\t\t<div class=\"elementor-container elementor-column-gap-default\">\n\t\t\t\t\t<div class=\"elementor-column elementor-col-50 elementor-top-column elementor-element elementor-element-f17ce12\" data-id=\"f17ce12\" data-element_type=\"column\">\n\t\t\t<div class=\"elementor-widget-wrap elementor-element-populated\">\n\t\t\t\t\t\t\t\t<div class=\"elementor-element elementor-element-112dc970 elementor-widget elementor-widget-image\" data-id=\"112dc970\" data-element_type=\"widget\" data-widget_type=\"image.default\">\n\t\t\t\t<div class=\"elementor-widget-container\">\n\t\t\t\t\t\t\t\t\t\t\t\t\t\t\t\t<a href=\"http:\/\/institutoabreuelima.com.br\/\">\n\t\t\t\t\t\t\t<img loading=\"lazy\" decoding=\"async\" width=\"441\" height=\"184\" src=\"http:\/\/institutoabreuelima.com.br\/wp-content\/uploads\/2022\/08\/logo.png\" class=\"attachment-large size-large\" alt=\"\" srcset=\"http:\/\/institutoabreuelima.com.br\/wp-content\/uploads\/2022\/08\/logo.png 441w, http:\/\/institutoabreuelima.com.br\/wp-content\/uploads\/2022\/08\/logo-300x125.png 300w\" sizes=\"auto, (max-width: 441px) 100vw, 441px\" \/>\t\t\t\t\t\t\t\t<\/a>\n\t\t\t\t\t\t\t\t\t\t\t\t\t\t\t<\/div>\n\t\t\t\t<\/div>\n\t\t\t\t\t<\/div>\n\t\t<\/div>\n\t\t\t\t<div class=\"elementor-column elementor-col-50 elementor-top-column elementor-element elementor-element-7a34a278\" data-id=\"7a34a278\" data-element_type=\"column\">\n\t\t\t<div class=\"elementor-widget-wrap elementor-element-populated\">\n\t\t\t\t\t\t\t\t<div class=\"elementor-element elementor-element-38e8b02e elementor-nav-menu__align-center elementor-nav-menu--indicator-classic elementor-nav-menu--dropdown-tablet elementor-nav-menu__text-align-aside elementor-nav-menu--toggle elementor-nav-menu--burger elementor-widget elementor-widget-nav-menu\" data-id=\"38e8b02e\" data-element_type=\"widget\" data-settings=\"{&quot;layout&quot;:&quot;horizontal&quot;,&quot;toggle&quot;:&quot;burger&quot;}\" data-widget_type=\"nav-menu.default\">\n\t\t\t\t<div class=\"elementor-widget-container\">\n\t\t\t\t\t\t<nav role=\"navigation\" class=\"elementor-nav-menu--main elementor-nav-menu__container elementor-nav-menu--layout-horizontal e--pointer-underline e--animation-fade\"><ul id=\"menu-1-38e8b02e\" class=\"elementor-nav-menu\"><li class=\"menu-item menu-item-type-post_type menu-item-object-page menu-item-home menu-item-34\"><a href=\"http:\/\/institutoabreuelima.com.br\/\" class=\"elementor-item\">HOME<\/a><\/li>\n<li class=\"menu-item menu-item-type-post_type menu-item-object-page menu-item-35\"><a href=\"http:\/\/institutoabreuelima.com.br\/index.php\/acervo\/\" class=\"elementor-item\">ACERVO<\/a><\/li>\n<li class=\"menu-item menu-item-type-post_type menu-item-object-page menu-item-32\"><a href=\"http:\/\/institutoabreuelima.com.br\/index.php\/conselho\/\" class=\"elementor-item\">CONSELHO<\/a><\/li>\n<li class=\"menu-item menu-item-type-post_type menu-item-object-page menu-item-28\"><a href=\"http:\/\/institutoabreuelima.com.br\/index.php\/memorial\/\" class=\"elementor-item\">MEMORIAL<\/a><\/li>\n<li class=\"menu-item menu-item-type-post_type menu-item-object-page menu-item-29\"><a href=\"http:\/\/institutoabreuelima.com.br\/index.php\/historico\/\" class=\"elementor-item\">HIST\u00d3RICO<\/a><\/li>\n<li class=\"menu-item menu-item-type-post_type menu-item-object-page menu-item-30\"><a href=\"http:\/\/institutoabreuelima.com.br\/index.php\/ctau\/\" class=\"elementor-item\">CTAU<\/a><\/li>\n<li class=\"menu-item menu-item-type-post_type menu-item-object-page menu-item-31\"><a href=\"http:\/\/institutoabreuelima.com.br\/index.php\/contato\/\" class=\"elementor-item\">CONTATO<\/a><\/li>\n<li class=\"menu-item menu-item-type-post_type menu-item-object-page menu-item-27\"><a href=\"http:\/\/institutoabreuelima.com.br\/index.php\/revista\/\" class=\"elementor-item\">REVISTA<\/a><\/li>\n<\/ul><\/nav>\n\t\t\t\t\t<div class=\"elementor-menu-toggle\" role=\"button\" tabindex=\"0\" aria-label=\"Menu Toggle\" aria-expanded=\"false\">\n\t\t\t<i class=\"eicon-menu-bar\" aria-hidden=\"true\"><\/i>\n\t\t\t<span class=\"elementor-screen-only\">Menu<\/span>\n\t\t<\/div>\n\t\t\t<nav class=\"elementor-nav-menu--dropdown elementor-nav-menu__container\" role=\"navigation\" aria-hidden=\"true\"><ul id=\"menu-2-38e8b02e\" class=\"elementor-nav-menu\"><li class=\"menu-item menu-item-type-post_type menu-item-object-page menu-item-home menu-item-34\"><a href=\"http:\/\/institutoabreuelima.com.br\/\" class=\"elementor-item\">HOME<\/a><\/li>\n<li class=\"menu-item menu-item-type-post_type menu-item-object-page menu-item-35\"><a href=\"http:\/\/institutoabreuelima.com.br\/index.php\/acervo\/\" class=\"elementor-item\">ACERVO<\/a><\/li>\n<li class=\"menu-item menu-item-type-post_type menu-item-object-page menu-item-32\"><a href=\"http:\/\/institutoabreuelima.com.br\/index.php\/conselho\/\" class=\"elementor-item\">CONSELHO<\/a><\/li>\n<li class=\"menu-item menu-item-type-post_type menu-item-object-page menu-item-28\"><a href=\"http:\/\/institutoabreuelima.com.br\/index.php\/memorial\/\" class=\"elementor-item\">MEMORIAL<\/a><\/li>\n<li class=\"menu-item menu-item-type-post_type menu-item-object-page menu-item-29\"><a href=\"http:\/\/institutoabreuelima.com.br\/index.php\/historico\/\" class=\"elementor-item\">HIST\u00d3RICO<\/a><\/li>\n<li class=\"menu-item menu-item-type-post_type menu-item-object-page menu-item-30\"><a href=\"http:\/\/institutoabreuelima.com.br\/index.php\/ctau\/\" class=\"elementor-item\">CTAU<\/a><\/li>\n<li class=\"menu-item menu-item-type-post_type menu-item-object-page menu-item-31\"><a href=\"http:\/\/institutoabreuelima.com.br\/index.php\/contato\/\" class=\"elementor-item\">CONTATO<\/a><\/li>\n<li class=\"menu-item menu-item-type-post_type menu-item-object-page menu-item-27\"><a href=\"http:\/\/institutoabreuelima.com.br\/index.php\/revista\/\" class=\"elementor-item\">REVISTA<\/a><\/li>\n<\/ul><\/nav>\n\t\t\t\t<\/div>\n\t\t\t\t<\/div>\n\t\t\t\t\t<\/div>\n\t\t<\/div>\n\t\t\t\t\t\t\t<\/div>\n\t\t<\/section>\n\t\t\t\t<section class=\"elementor-section elementor-top-section elementor-element elementor-element-f5d63ba elementor-section-height-min-height elementor-section-boxed elementor-section-height-default elementor-section-items-middle\" data-id=\"f5d63ba\" data-element_type=\"section\" data-settings=\"{&quot;background_background&quot;:&quot;classic&quot;}\">\n\t\t\t\t\t\t<div class=\"elementor-container elementor-column-gap-default\">\n\t\t\t\t\t<div class=\"elementor-column elementor-col-100 elementor-top-column elementor-element elementor-element-4e26a085\" data-id=\"4e26a085\" data-element_type=\"column\">\n\t\t\t<div class=\"elementor-widget-wrap\">\n\t\t\t\t\t\t\t\t\t<\/div>\n\t\t<\/div>\n\t\t\t\t\t\t\t<\/div>\n\t\t<\/section>\n\t\t\t\t<section class=\"elementor-section elementor-top-section elementor-element elementor-element-4a652ea4 elementor-section-height-min-height elementor-section-boxed elementor-section-height-default elementor-section-items-middle\" data-id=\"4a652ea4\" data-element_type=\"section\" data-settings=\"{&quot;background_background&quot;:&quot;classic&quot;,&quot;shape_divider_bottom&quot;:&quot;mountains&quot;}\">\n\t\t\t\t\t<div class=\"elementor-shape elementor-shape-bottom\" data-negative=\"false\">\n\t\t\t<svg xmlns=\"http:\/\/www.w3.org\/2000\/svg\" viewBox=\"0 0 1000 100\" preserveAspectRatio=\"none\">\n\t<path class=\"elementor-shape-fill\" opacity=\"0.33\" d=\"M473,67.3c-203.9,88.3-263.1-34-320.3,0C66,119.1,0,59.7,0,59.7V0h1000v59.7 c0,0-62.1,26.1-94.9,29.3c-32.8,3.3-62.8-12.3-75.8-22.1C806,49.6,745.3,8.7,694.9,4.7S492.4,59,473,67.3z\"\/>\n\t<path class=\"elementor-shape-fill\" opacity=\"0.66\" d=\"M734,67.3c-45.5,0-77.2-23.2-129.1-39.1c-28.6-8.7-150.3-10.1-254,39.1 s-91.7-34.4-149.2,0C115.7,118.3,0,39.8,0,39.8V0h1000v36.5c0,0-28.2-18.5-92.1-18.5C810.2,18.1,775.7,67.3,734,67.3z\"\/>\n\t<path class=\"elementor-shape-fill\" d=\"M766.1,28.9c-200-57.5-266,65.5-395.1,19.5C242,1.8,242,5.4,184.8,20.6C128,35.8,132.3,44.9,89.9,52.5C28.6,63.7,0,0,0,0 h1000c0,0-9.9,40.9-83.6,48.1S829.6,47,766.1,28.9z\"\/>\n<\/svg>\t\t<\/div>\n\t\t\t\t\t<div class=\"elementor-container elementor-column-gap-default\">\n\t\t\t\t\t<div class=\"elementor-column elementor-col-100 elementor-top-column elementor-element elementor-element-6d4bb03f\" data-id=\"6d4bb03f\" data-element_type=\"column\">\n\t\t\t<div class=\"elementor-widget-wrap\">\n\t\t\t\t\t\t\t\t\t<\/div>\n\t\t<\/div>\n\t\t\t\t\t\t\t<\/div>\n\t\t<\/section>\n\t\t\t\t<section class=\"elementor-section elementor-top-section elementor-element elementor-element-8e53f1d elementor-section-boxed elementor-section-height-default elementor-section-height-default\" data-id=\"8e53f1d\" data-element_type=\"section\">\n\t\t\t\t\t\t<div class=\"elementor-container elementor-column-gap-default\">\n\t\t\t\t\t<div class=\"elementor-column elementor-col-100 elementor-top-column elementor-element elementor-element-d13eecb\" data-id=\"d13eecb\" data-element_type=\"column\">\n\t\t\t<div class=\"elementor-widget-wrap elementor-element-populated\">\n\t\t\t\t\t\t\t\t<div class=\"elementor-element elementor-element-a89151e elementor-widget elementor-widget-heading\" data-id=\"a89151e\" data-element_type=\"widget\" data-widget_type=\"heading.default\">\n\t\t\t\t<div class=\"elementor-widget-container\">\n\t\t\t<h2 class=\"elementor-heading-title elementor-size-default\">CONSELHO<\/h2>\t\t<\/div>\n\t\t\t\t<\/div>\n\t\t\t\t\t<\/div>\n\t\t<\/div>\n\t\t\t\t\t\t\t<\/div>\n\t\t<\/section>\n\t\t\t\t<section class=\"elementor-section elementor-top-section elementor-element elementor-element-6ee7e31 elementor-section-boxed elementor-section-height-default elementor-section-height-default\" data-id=\"6ee7e31\" data-element_type=\"section\">\n\t\t\t\t\t\t<div class=\"elementor-container elementor-column-gap-default\">\n\t\t\t\t\t<div class=\"elementor-column elementor-col-100 elementor-top-column elementor-element elementor-element-6a6db04\" data-id=\"6a6db04\" data-element_type=\"column\">\n\t\t\t<div class=\"elementor-widget-wrap elementor-element-populated\">\n\t\t\t\t\t\t\t\t<div class=\"elementor-element elementor-element-b8a7652 elementor-widget elementor-widget-text-editor\" data-id=\"b8a7652\" data-element_type=\"widget\" data-widget_type=\"text-editor.default\">\n\t\t\t\t<div class=\"elementor-widget-container\">\n\t\t\t\t\t\t\t<p>\u00a0CONSELHO DE CULTURA O IAL possui, dentro de sua estrutura principal, o Conselho de Cultura, composto por especialistas vocacionados \u00e0 tarefa de difundir e produzir livros, ensaios, textos e reedi\u00e7\u00f5es das obras do General Abreu e Lima e sobre ele. Este Conselho de Cultura est\u00e1 organizando uma publica\u00e7\u00e3o com textos dos mais renomados especialistas e estudiosos sobre a vida e a obra do General. \u00a0Estamos constantemente enriquecendo nossa biblioteca, ainda singela em n\u00famero, mas de elevada qualidade e riqueza de obras originais do s\u00e9culo XIX. Disponibilizamos parte do nosso acervo, que inclui obras do General Abreu e Lima. Ademais, estamos providenciando e aumentando nosso acervo digital e colocando os mais importantes livros, jornais e documentos em livre acesso e c\u00f3pia na p\u00e1gina do Instituto. Trabalhamos para a edi\u00e7\u00e3o de obras in\u00e9ditas e reedi\u00e7\u00f5es das j\u00e1 publicadas do General Abreu e Lima. Agradecemos sua aten\u00e7\u00e3o e contamos com a sua colabora\u00e7\u00e3o constante. O IAL \u00e9 um projeto de futuro, semente de um mundo que deve ser constru\u00eddo por todos n\u00f3s. Atenciosamente, \u00a0 Conselho de Cultura do Instituto Abreu e Lima<\/p><p>\u00a0 \u00a0 Membros do Conselho de Cultura Aluizio Alves Filho \u2013\u00a0UFRJ Eduardo Ferraz Felippe \u2013 UERJ Fellipe de Andrade Abreu e Lima \u2013 ESAMC Jos\u00e9 Luiz da Mota Menezes\u00a0\u2013\u00a0UFPE\/IAHGP Lu\u00eds Cl\u00e1udio Rocha Henriques de Moura \u2013\u00a0UNB\/IFG Monique Santana de Oliveira Sousa \u2013 UERJ Exmo. Dr. Desembargador Manuel Alves da Rocha Marco Ant\u00f4nio Leite Massari \u2013 UNISO\/IHGGS Reinaldo Carneiro Le\u00e3o \u2013\u00a0IAHGP Ricardo Alberto Rivas \u2013\u00a0Unviersidad Nacional de La Plata Tatiane Maria Barbosa de Oliveira \u2013 USP \u00a0 Membros Pesquisadores Monique Santana de Oliveira Sousa \u2013 UERJ Tatiane Maria Barbosa de Oliveira \u2013 USP Thamara de Oliveira Rodrigues \u2013 UFOP \u00a0 Composi\u00e7\u00e3o do IAL Presidente \u2013 Ephrem de Abreu e Lima \u2013 IAL Diretor de Cultura \u2013 Fellipe de Andrade Abreu e Lima \u2013 ESAMC Diretora de Documenta\u00e7\u00e3o e Eventos \u2013 Monique Santana de Oliveira Sousa \u2013 UERJ Diretora de Pesquisa e Produ\u00e7\u00e3o \u2013 Tatiane Maria Barbosa de Oliveira \u2013 USP<\/p>\t\t\t\t\t\t<\/div>\n\t\t\t\t<\/div>\n\t\t\t\t\t<\/div>\n\t\t<\/div>\n\t\t\t\t\t\t\t<\/div>\n\t\t<\/section>\n\t\t\t\t<section class=\"elementor-section elementor-top-section elementor-element elementor-element-271372d8 elementor-section-height-min-height elementor-section-boxed elementor-section-height-default elementor-section-items-middle\" data-id=\"271372d8\" data-element_type=\"section\" data-settings=\"{&quot;background_background&quot;:&quot;classic&quot;}\">\n\t\t\t\t\t\t<div class=\"elementor-container elementor-column-gap-default\">\n\t\t\t\t\t<div class=\"elementor-column elementor-col-100 elementor-top-column elementor-element elementor-element-3bdda07e\" data-id=\"3bdda07e\" data-element_type=\"column\">\n\t\t\t<div class=\"elementor-widget-wrap\">\n\t\t\t\t\t\t\t\t\t<\/div>\n\t\t<\/div>\n\t\t\t\t\t\t\t<\/div>\n\t\t<\/section>\n\t\t\t\t<section class=\"elementor-section elementor-top-section elementor-element elementor-element-2fd64b20 elementor-section-boxed elementor-section-height-default elementor-section-height-default\" data-id=\"2fd64b20\" data-element_type=\"section\" data-settings=\"{&quot;background_background&quot;:&quot;classic&quot;}\">\n\t\t\t\t\t\t<div class=\"elementor-container elementor-column-gap-default\">\n\t\t\t\t\t<div class=\"elementor-column elementor-col-33 elementor-top-column elementor-element elementor-element-6a21f4a0\" data-id=\"6a21f4a0\" data-element_type=\"column\">\n\t\t\t<div class=\"elementor-widget-wrap elementor-element-populated\">\n\t\t\t\t\t\t\t\t<div class=\"elementor-element elementor-element-5531d7f2 elementor-widget elementor-widget-image\" data-id=\"5531d7f2\" data-element_type=\"widget\" data-widget_type=\"image.default\">\n\t\t\t\t<div class=\"elementor-widget-container\">\n\t\t\t\t\t\t\t\t\t\t\t\t\t\t\t<img loading=\"lazy\" decoding=\"async\" width=\"441\" height=\"184\" src=\"http:\/\/institutoabreuelima.com.br\/wp-content\/uploads\/2022\/08\/logo.png\" class=\"attachment-full size-full\" alt=\"\" srcset=\"http:\/\/institutoabreuelima.com.br\/wp-content\/uploads\/2022\/08\/logo.png 441w, http:\/\/institutoabreuelima.com.br\/wp-content\/uploads\/2022\/08\/logo-300x125.png 300w\" sizes=\"auto, (max-width: 441px) 100vw, 441px\" \/>\t\t\t\t\t\t\t\t\t\t\t\t\t\t\t<\/div>\n\t\t\t\t<\/div>\n\t\t\t\t\t<\/div>\n\t\t<\/div>\n\t\t\t\t<div class=\"elementor-column elementor-col-33 elementor-top-column elementor-element elementor-element-7ffbe0ee\" data-id=\"7ffbe0ee\" data-element_type=\"column\">\n\t\t\t<div class=\"elementor-widget-wrap elementor-element-populated\">\n\t\t\t\t\t\t\t\t<div class=\"elementor-element elementor-element-637629d3 elementor-nav-menu--indicator-none elementor-nav-menu--dropdown-tablet elementor-nav-menu__text-align-aside elementor-nav-menu--toggle elementor-nav-menu--burger elementor-widget elementor-widget-nav-menu\" data-id=\"637629d3\" data-element_type=\"widget\" data-settings=\"{&quot;layout&quot;:&quot;vertical&quot;,&quot;toggle&quot;:&quot;burger&quot;}\" data-widget_type=\"nav-menu.default\">\n\t\t\t\t<div class=\"elementor-widget-container\">\n\t\t\t\t\t\t<nav role=\"navigation\" class=\"elementor-nav-menu--main elementor-nav-menu__container elementor-nav-menu--layout-vertical e--pointer-underline e--animation-slide\"><ul id=\"menu-1-637629d3\" class=\"elementor-nav-menu sm-vertical\"><li class=\"menu-item menu-item-type-post_type menu-item-object-page menu-item-home menu-item-34\"><a href=\"http:\/\/institutoabreuelima.com.br\/\" class=\"elementor-item\">HOME<\/a><\/li>\n<li class=\"menu-item menu-item-type-post_type menu-item-object-page menu-item-35\"><a href=\"http:\/\/institutoabreuelima.com.br\/index.php\/acervo\/\" class=\"elementor-item\">ACERVO<\/a><\/li>\n<li class=\"menu-item menu-item-type-post_type menu-item-object-page menu-item-32\"><a href=\"http:\/\/institutoabreuelima.com.br\/index.php\/conselho\/\" class=\"elementor-item\">CONSELHO<\/a><\/li>\n<li class=\"menu-item menu-item-type-post_type menu-item-object-page menu-item-28\"><a href=\"http:\/\/institutoabreuelima.com.br\/index.php\/memorial\/\" class=\"elementor-item\">MEMORIAL<\/a><\/li>\n<li class=\"menu-item menu-item-type-post_type menu-item-object-page menu-item-29\"><a href=\"http:\/\/institutoabreuelima.com.br\/index.php\/historico\/\" class=\"elementor-item\">HIST\u00d3RICO<\/a><\/li>\n<li class=\"menu-item menu-item-type-post_type menu-item-object-page menu-item-30\"><a href=\"http:\/\/institutoabreuelima.com.br\/index.php\/ctau\/\" class=\"elementor-item\">CTAU<\/a><\/li>\n<li class=\"menu-item menu-item-type-post_type menu-item-object-page menu-item-31\"><a href=\"http:\/\/institutoabreuelima.com.br\/index.php\/contato\/\" class=\"elementor-item\">CONTATO<\/a><\/li>\n<li class=\"menu-item menu-item-type-post_type menu-item-object-page menu-item-27\"><a href=\"http:\/\/institutoabreuelima.com.br\/index.php\/revista\/\" class=\"elementor-item\">REVISTA<\/a><\/li>\n<\/ul><\/nav>\n\t\t\t\t\t<div class=\"elementor-menu-toggle\" role=\"button\" tabindex=\"0\" aria-label=\"Menu Toggle\" aria-expanded=\"false\">\n\t\t\t<i class=\"eicon-menu-bar\" aria-hidden=\"true\"><\/i>\n\t\t\t<span class=\"elementor-screen-only\">Menu<\/span>\n\t\t<\/div>\n\t\t\t<nav class=\"elementor-nav-menu--dropdown elementor-nav-menu__container\" role=\"navigation\" aria-hidden=\"true\"><ul id=\"menu-2-637629d3\" class=\"elementor-nav-menu sm-vertical\"><li class=\"menu-item menu-item-type-post_type menu-item-object-page menu-item-home menu-item-34\"><a href=\"http:\/\/institutoabreuelima.com.br\/\" class=\"elementor-item\">HOME<\/a><\/li>\n<li class=\"menu-item menu-item-type-post_type menu-item-object-page menu-item-35\"><a href=\"http:\/\/institutoabreuelima.com.br\/index.php\/acervo\/\" class=\"elementor-item\">ACERVO<\/a><\/li>\n<li class=\"menu-item menu-item-type-post_type menu-item-object-page menu-item-32\"><a href=\"http:\/\/institutoabreuelima.com.br\/index.php\/conselho\/\" class=\"elementor-item\">CONSELHO<\/a><\/li>\n<li class=\"menu-item menu-item-type-post_type menu-item-object-page menu-item-28\"><a href=\"http:\/\/institutoabreuelima.com.br\/index.php\/memorial\/\" class=\"elementor-item\">MEMORIAL<\/a><\/li>\n<li class=\"menu-item menu-item-type-post_type menu-item-object-page menu-item-29\"><a href=\"http:\/\/institutoabreuelima.com.br\/index.php\/historico\/\" class=\"elementor-item\">HIST\u00d3RICO<\/a><\/li>\n<li class=\"menu-item menu-item-type-post_type menu-item-object-page menu-item-30\"><a href=\"http:\/\/institutoabreuelima.com.br\/index.php\/ctau\/\" class=\"elementor-item\">CTAU<\/a><\/li>\n<li class=\"menu-item menu-item-type-post_type menu-item-object-page menu-item-31\"><a href=\"http:\/\/institutoabreuelima.com.br\/index.php\/contato\/\" class=\"elementor-item\">CONTATO<\/a><\/li>\n<li class=\"menu-item menu-item-type-post_type menu-item-object-page menu-item-27\"><a href=\"http:\/\/institutoabreuelima.com.br\/index.php\/revista\/\" class=\"elementor-item\">REVISTA<\/a><\/li>\n<\/ul><\/nav>\n\t\t\t\t<\/div>\n\t\t\t\t<\/div>\n\t\t\t\t\t<\/div>\n\t\t<\/div>\n\t\t\t\t<div class=\"elementor-column elementor-col-33 elementor-top-column elementor-element elementor-element-3959596e\" data-id=\"3959596e\" data-element_type=\"column\">\n\t\t\t<div class=\"elementor-widget-wrap elementor-element-populated\">\n\t\t\t\t\t\t\t\t<div class=\"elementor-element elementor-element-6b167623 elementor-widget elementor-widget-counter\" data-id=\"6b167623\" data-element_type=\"widget\" data-widget_type=\"counter.default\">\n\t\t\t\t<div class=\"elementor-widget-container\">\n\t\t\t\t\t<div class=\"elementor-counter\">\n\t\t\t<div class=\"elementor-counter-number-wrapper\">\n\t\t\t\t<span class=\"elementor-counter-number-prefix\"><\/span>\n\t\t\t\t<span class=\"elementor-counter-number\" data-duration=\"2000\" data-to-value=\"1890\" data-from-value=\"0\">0<\/span>\n\t\t\t\t<span class=\"elementor-counter-number-suffix\"><\/span>\n\t\t\t<\/div>\n\t\t\t\t\t\t\t<div class=\"elementor-counter-title\">Visitantes<\/div>\n\t\t\t\t\t<\/div>\n\t\t\t\t<\/div>\n\t\t\t\t<\/div>\n\t\t\t\t\t<\/div>\n\t\t<\/div>\n\t\t\t\t\t\t\t<\/div>\n\t\t<\/section>\n\t\t\t\t\t\t<\/div>\n\t\t\t\t\t<\/div>\n\t\t","protected":false},"excerpt":{"rendered":"<p>CONSELHO \u00a0CONSELHO DE CULTURA O IAL possui, dentro de sua estrutura principal, o Conselho de Cultura, composto por especialistas vocacionados \u00e0 tarefa de difundir e produzir livros, ensaios, textos e reedi\u00e7\u00f5es das obras do General Abreu e Lima e sobre ele. Este Conselho de Cultura est\u00e1 organizando uma publica\u00e7\u00e3o com textos dos mais renomados especialistas [&hellip;]<\/p>\n","protected":false},"author":1,"featured_media":0,"parent":0,"menu_order":0,"comment_status":"closed","ping_status":"closed","template":"elementor_canvas","meta":{"footnotes":""},"class_list":["post-15","page","type-page","status-publish","hentry"],"_links":{"self":[{"href":"http:\/\/institutoabreuelima.com.br\/index.php\/wp-json\/wp\/v2\/pages\/15","targetHints":{"allow":["GET"]}}],"collection":[{"href":"http:\/\/institutoabreuelima.com.br\/index.php\/wp-json\/wp\/v2\/pages"}],"about":[{"href":"http:\/\/institutoabreuelima.com.br\/index.php\/wp-json\/wp\/v2\/types\/page"}],"author":[{"embeddable":true,"href":"http:\/\/institutoabreuelima.com.br\/index.php\/wp-json\/wp\/v2\/users\/1"}],"replies":[{"embeddable":true,"href":"http:\/\/institutoabreuelima.com.br\/index.php\/wp-json\/wp\/v2\/comments?post=15"}],"version-history":[{"count":34,"href":"http:\/\/institutoabreuelima.com.br\/index.php\/wp-json\/wp\/v2\/pages\/15\/revisions"}],"predecessor-version":[{"id":438,"href":"http:\/\/institutoabreuelima.com.br\/index.php\/wp-json\/wp\/v2\/pages\/15\/revisions\/438"}],"wp:attachment":[{"href":"http:\/\/institutoabreuelima.com.br\/index.php\/wp-json\/wp\/v2\/media?parent=15"}],"curies":[{"name":"wp","href":"https:\/\/api.w.org\/{rel}","templated":true}]}}